{"id":37,"date":"2023-04-01T19:50:48","date_gmt":"2023-04-01T19:50:48","guid":{"rendered":"http:\/\/localhost\/wordpress\/?page_id=37"},"modified":"2023-04-12T09:13:06","modified_gmt":"2023-04-12T09:13:06","slug":"pago-y-registro","status":"publish","type":"page","link":"https:\/\/srbhp.org\/nextconference\/es\/pago-y-registro\/","title":{"rendered":"Pago y registro"},"content":{"rendered":"<div class=\"page__section\">\n<div class=\"page__section-wrap\">\n<h1 class=\"h1\">PAGO Y REGISTRO<\/h1>\n<h2 class=\"h2\">REGISTRO Y PAGO DE LAS TASAS DE LA CONFERENCIA<\/h2>\n<p class=\"p\">Inscripci\u00f3n a la conferencia: $75.00<br \/>\nBanquete: $80.00 (impuestos y propina incluidos)<br \/>\n<a class=\"link\" target=\"_blank\" href=\"https:\/\/appserv7.admin.uillinois.edu\/FormBuilderSurvey\/Survey\/uic_school_of_literatures__cultural_studies_and_linguistics\/society_for_renaissance_and_baroque_hispanic_poetry\/renaissance_conference\/Survey\" rel=\"noopener\">Pago de las tarifas de registro y banquete<\/a><\/p>\n<h6 class=\"h6\"><strong class=\"strong\">MEMBRES\u00cdA<\/strong><\/h6>\n<p class=\"p\">Se requiere membres\u00eda en SRBHP para participar. \u00danase o renueve su membres\u00eda a trav\u00e9s del siguiente enlace: <a target=\"_blank\" class=\"link\" href=\"https:\/\/srbhp.org\/es\/membresia\/#payment\" rel=\"noopener\">https:\/\/srbhp.org\/es\/membresia\/#payment<\/a><\/p>\n<\/div>\n<\/div>\n","protected":false},"excerpt":{"rendered":"<p>PAGO Y REGISTRO REGISTRO Y PAGO DE LAS TASAS DE LA CONFERENCIA Inscripci\u00f3n a la conferencia: $75.00 Banquete: $80.00 (impuestos y propina incluidos) Pago de las tarifas de registro y banquete MEMBRES\u00cdA Se requiere membres\u00eda en SRBHP para participar. \u00danase o renueve su membres\u00eda a trav\u00e9s del siguiente enlace: https:\/\/srbhp.org\/es\/membresia\/#payment<\/p>\n","protected":false},"author":1,"featured_media":0,"parent":0,"menu_order":0,"comment_status":"closed","ping_status":"closed","template":"","meta":{"footnotes":""},"class_list":["post-37","page","type-page","status-publish","hentry"],"_links":{"self":[{"href":"https:\/\/srbhp.org\/nextconference\/es\/wp-json\/wp\/v2\/pages\/37","targetHints":{"allow":["GET"]}}],"collection":[{"href":"https:\/\/srbhp.org\/nextconference\/es\/wp-json\/wp\/v2\/pages"}],"about":[{"href":"https:\/\/srbhp.org\/nextconference\/es\/wp-json\/wp\/v2\/types\/page"}],"author":[{"embeddable":true,"href":"https:\/\/srbhp.org\/nextconference\/es\/wp-json\/wp\/v2\/users\/1"}],"replies":[{"embeddable":true,"href":"https:\/\/srbhp.org\/nextconference\/es\/wp-json\/wp\/v2\/comments?post=37"}],"version-history":[{"count":10,"href":"https:\/\/srbhp.org\/nextconference\/es\/wp-json\/wp\/v2\/pages\/37\/revisions"}],"predecessor-version":[{"id":72,"href":"https:\/\/srbhp.org\/nextconference\/es\/wp-json\/wp\/v2\/pages\/37\/revisions\/72"}],"wp:attachment":[{"href":"https:\/\/srbhp.org\/nextconference\/es\/wp-json\/wp\/v2\/media?parent=37"}],"curies":[{"name":"wp","href":"https:\/\/api.w.org\/{rel}","templated":true}]}}