{"id":32,"date":"2023-04-01T19:51:14","date_gmt":"2023-04-01T19:51:14","guid":{"rendered":"http:\/\/localhost\/wordpress\/?page_id=32"},"modified":"2023-04-01T20:19:27","modified_gmt":"2023-04-01T20:19:27","slug":"informacion","status":"publish","type":"page","link":"https:\/\/srbhp.org\/nextconference\/es\/informacion\/","title":{"rendered":"Informaci\u00f3n"},"content":{"rendered":"<div class=\"page__section\">\n<div class=\"page__section-wrap\">\n<h1 class=\"h1\">INFORMACI\u00d3N<\/h1>\n<h2 class=\"h2\">TRANSPORTE<\/h2>\n<h6 class=\"h6\"><strong class=\"strong\">VIAJE A\u00c9REO<\/strong><\/h6>\n<p class=\"p\">Los viajeros tienen la opci\u00f3n de utilizar dos aeropuertos principales: el Aeropuerto Internacional O\u2019Hare (ORD), m\u00e1s grande, y el Aeropuerto Internacional Midway (MDW), m\u00e1s econ\u00f3mico. O\u2019Hare est\u00e1 ubicado en el lado noroeste de Chicago y ofrece vuelos directos a m\u00e1s de 200 destinos en todo el mundo. Midway es principalmente para aerol\u00edneas nacionales de bajo costo.<\/p>\n<p class=\"p\">Consulte este <a target=\"_blank\" class=\"link\" href=\"https:\/\/www.airport-ohare.com\/\" rel=\"noopener\">enlace<\/a> para obtener m\u00e1s informaci\u00f3n sobre el aeropuerto O\u2019Hare.<br \/>\nConsulte este <a target=\"_blank\" class=\"link\" href=\"https:\/\/www.flychicago.com\/midway\/home\/pages\/default.aspx\" rel=\"noopener\">enlace<\/a> para obtener m\u00e1s informaci\u00f3n sobre el aeropuerto de Midway.<\/p>\n<h6 class=\"h6\"><strong class=\"strong\">DESDE AEROPUERTOS<\/strong><\/h6>\n<p class=\"p\"><strong class=\"strong\">L\u00ednea azul desde O\u2019Hare hasta el centro de Chicago y UIC<\/strong><\/p>\n<p class=\"p p-padding-left\">La L\u00ednea Azul de CTA brinda un servicio de tren de tr\u00e1nsito r\u00e1pido las 24 horas entre Chicago O\u2019Hare y la terminal de Forest Park a trav\u00e9s del centro de Chicago. Una de las paradas de la L\u00ednea Azul de CTA es UIC.<\/p>\n<p class=\"p p-padding-left\">El tiempo desde O\u2019Hare hasta el centro en la L\u00ednea Azul es de aproximadamente 45 minutos. El precio es de $5.00 m\u00e1s o menos.<\/p>\n<p class=\"p p-padding-left\">Consulte este <a target=\"_blank\" class=\"link\" href=\"https:\/\/www.transitchicago.com\/blueline\/\" rel=\"noopener\">enlace<\/a> para conocer todas las paradas de la l\u00ednea azul de CTA desde el aeropuerto O\u2019Hare hasta el centro de Chicago hasta UIC.<\/p>\n<p class=\"p p-padding-left\">\n                        <strong class=\"strong\">Taxi<\/strong>: La tarifa media entre O\u2019Hare y el centro de Chicago es de $40.00.<br \/>\n<strong class=\"strong\">Uber<\/strong>: La tarifa media es de alrededor de $ 35- $ 50 (aumenta a $ 140 o m\u00e1s).<\/p>\n<p class=\"p\"><strong class=\"strong\">L\u00ednea naranja desde Midway hasta Downtown Chicago Loop<\/strong><\/p>\n<p class=\"p p-padding-left\">La L\u00ednea Naranja de CTA ofrece un servicio de tren de tr\u00e1nsito r\u00e1pido entre el Aeropuerto Midway y el centro (Loop). El tiempo desde Midway hasta el centro en la L\u00ednea Naranja es de unos 25 minutos. El costo es de $2.50 o menos.<br \/>\nThe time from Midway to the Loop on the Orange Line is about 25 minutes. The cost is $2.50 or less.<\/p>\n<p class=\"p p-padding-left\">Vea este <a target=\"_blank\" class=\"link\" href=\"https:\/\/www.transitchicago.com\/orangeline\/\" rel=\"noopener\">enlace<\/a> para todas las paradas de la L\u00ednea Naranja de la CTA desde el Aeropuerto Midway hasta el Downtown Loop.<\/p>\n<p class=\"p p-padding-left\">\n                        <strong class=\"strong\">Taxi<\/strong>: La tarifa media entre Midway y el centro de Chicago es de $40.00.<br \/>\n<strong class=\"strong\">Uber<\/strong>: La tarifa media es de alrededor de $ 35- $ 50 (aumenta a $ 140 o m\u00e1s).<\/p>\n<\/div>\n<\/div>\n<div class=\"page__section\">\n<div class=\"page__section-wrap\">\n<h2 class=\"h2\">HOTELES<\/h2>\n<p class=\"p\">La conferencia no tiene asignado un hotel de conferencias. La Universidad de Illinois Chicago se encuentra en el West Loop de Chicago, con f\u00e1cil acceso a la L\u00ednea Azul y a un corto trayecto en taxi\/Uber desde el centro.<\/p>\n<p class=\"p\">Consulte la lista a continuaci\u00f3n con las distancias a pie estimadas.<\/p>\n<p class=\"p\">15-20 minutos a pie de UIC<\/p>\n<ul class=\"list\">\n<li class=\"item item-crimson\"><a target=\"_blank\" class=\"link\" href=\"https:\/\/www.ihg.com\/crowneplaza\/hotels\/us\/en\/chicago\/chish\/hoteldetail?cm_mmc=GoogleMaps-_-CP-_-US-_-CHISH\" rel=\"noopener\">Crowne Plaza<\/a><\/li>\n<li class=\"item item-crimson\"><a target=\"_blank\" class=\"link\" href=\"https:\/\/www.marriott.com\/en-us\/hotels\/chidm-chicago-marriott-at-medical-district-uic\/overview\/?scid=f2ae0541-1279-4f24-b197-a979c79310b0\" rel=\"noopener\">Chicago Marriot at Medical Center<\/a><\/li>\n<\/ul>\n<p class=\"p\">20-25 minutos a pie de UIC<\/p>\n<ul class=\"list\">\n<li class=\"item item-crimson\"><a target=\"_blank\" class=\"link\" href=\"https:\/\/www.hyatt.com\/en-US\/hotel\/illinois\/hyatt-house-chicago-west-loop-fulton-market\/chixl?src=adm_sem_crp_chico_crp_ppc_NAM-UnitedStates-IL-Chicago-HH-CHIXL_google_Evergreen2022_e_hyatt%20house%20chicago%20west%20loop%20fulton%20market&amp;gclid=Cj0KCQiAgOefBhDgARIsAMhqXA6ewoPRPv4iIVfWKzsu9xiLSLlsX4g-dzQVqWFszdcitSh2WZ-1SDgaAgdKEALw_wcB\" rel=\"noopener\">Hyatt House Chicago\/West Loop Fulton Market<\/a><\/li>\n<\/ul>\n<p class=\"p\">Downtown\/Loop: A poca distancia de la l\u00ednea azul<\/p>\n<ul class=\"list\">\n<li class=\"item item-crimson\"><a target=\"_blank\" class=\"link\" href=\"https:\/\/www.staypineapple.com\/the-loop-chicago\/special-offers?tt_channel=paidsearch&amp;gclid=CjwKCAiAy_CcBhBeEiwAcoMRHH2ddbaNg1tLv3CyxU8bxp6f8vaqOCThkusqMZTOfNqXZusQas9XjxoCcLEQAvD_BwE&amp;tt_ps_tid=kwd-554874204700&amp;tt_ps_mt=e&amp;tt_ps_cid=15361837571&amp;tt_ps_agid=129561389185&amp;tt_ps_d=c&amp;tt_ps_c=580725210910&amp;tt_ps_ap=&amp;gclid=CjwKCAiAy_CcBhBeEiwAcoMRHH2ddbaNg1tLv3CyxU8bxp6f8vaqOCThkusqMZTOfNqXZusQas9XjxoCcLEQAvD_BwE\" rel=\"noopener\">Stayinapple: An Iconic Hotel<\/a><\/li>\n<li class=\"item item-crimson\"><a target=\"_blank\" class=\"link\" href=\"https:\/\/www.palmerhousehiltonhotel.com\/about-our-hotel\/\" rel=\"noopener\">Palmer House: A Hilton Hotel<\/a><\/li>\n<li class=\"item item-crimson\"><a target=\"_blank\" class=\"link\" href=\"https:\/\/www.hotelblake.com\/\" rel=\"noopener\">Hotel Blake: An Ascend Hotel<\/a><\/li>\n<li class=\"item item-crimson\"><a target=\"_blank\" class=\"link\" href=\"https:\/\/www.sonesta.com\/royal-sonesta\/il\/chicago\/allegro-royal-sonesta-hotel-chicago-loop?&amp;c3api=3976,623848985650,allegro%20sonesta%20chicago,e&amp;gclid=CjwKCAiAy_CcBhBeEiwAcoMRHMfTKE8Kz5kbCfyslBCszzhhi1gW5UVpBvocStC4pAFL2pjEImrvtBoCIlQQAvD_BwE&amp;gclsrc=aw.ds\" rel=\"noopener\">Hotel Allegro Royal Sonesta<\/a><\/li>\n<li class=\"item item-crimson\"><a target=\"_blank\" class=\"link\" href=\"https:\/\/www.marriott.com\/en-us\/hotels\/chijw-jw-marriott-chicago\/overview\/?scid=f2ae0541-1279-4f24-b197-a979c79310b0\" rel=\"noopener\">JW Marriot<\/a><\/li>\n<li class=\"item item-crimson\"><a target=\"_blank\" class=\"link\" href=\"https:\/\/www.congressplazahotel.com\/\" rel=\"noopener\">The Congress Plaza Hotel<\/a><\/li>\n<li class=\"item item-crimson\"><a target=\"_blank\" class=\"link\" href=\"https:\/\/thebuckinghamclub.com\/\" rel=\"noopener\">The Buckingham Hotel<\/a><\/li>\n<li class=\"item item-crimson\"><a target=\"_blank\" class=\"link\" href=\"https:\/\/www.theblackstonehotel.com\/\" rel=\"noopener\">The Blackstone: Autograph Collection<\/a><\/li>\n<\/ul>\n<\/div>\n<\/div>\n<div class=\"page__section\">\n<div class=\"page__section-wrap\">\n<h2 class=\"h2\">MAPA DEL CAMPUS Y PARKING DE VISITANTES<\/h2>\n<p class=\"p\">La conferencia se llevar\u00e1 a cabo en el Campus Este de Chicago de la Universidad de Illinois. Las sesiones de la conferencia se llevar\u00e1n a cabo en la Biblioteca Richard Daley, University Hall y el Instituto de Humanidades. Se ofrecer\u00e1 una recepci\u00f3n de bienvenida en Jane Adam\u2019s Hall House.<br \/>\n<a target=\"_blank\" href=\"https:\/\/psch.uic.edu\/wp-content\/uploads\/sites\/259\/2018\/07\/For-directions-to-the-East-Campus.pdf\" class=\"link\" rel=\"noopener\">MAPA DEL CAMPUS DE LA UIC ESTE<\/a><\/p>\n<table class=\"table width-60\">\n<tbody>\n<tr>\n<td>Biblioteca Richard Daley<\/td>\n<td>801 S. Morgan Street<\/td>\n<\/tr>\n<tr>\n<td>Sal\u00f3n de la Universidad<\/td>\n<td>601 S. Morgan Street<\/td>\n<\/tr>\n<tr>\n<td>Instituto de Humanidades<\/td>\n<td>1st Floor, 1007 W. Harrison Street<\/td>\n<\/tr>\n<tr>\n<td>Jane Adams Hull House<\/td>\n<td>800 S. Halsted<\/td>\n<\/tr>\n<\/tbody>\n<\/table>\n<p class=\"p\"><strong class=\"strong\">Garajes para visitantes en el Campus Este<\/strong><\/p>\n<table class=\"table width-60\">\n<tbody>\n<tr>\n<td>Harrison Street Parking Structure<\/td>\n<td>1100 West Harrison Street<\/td>\n<\/tr>\n<tr>\n<td>Lot 1B<\/td>\n<td>1139 West Harrison Street<\/td>\n<\/tr>\n<tr>\n<td>Halted\/Taylor Parking Structure<\/td>\n<td>760 West Taylor<\/td>\n<\/tr>\n<\/tbody>\n<\/table>\n<\/div>\n<\/div>\n<div class=\"page__section\">\n<div class=\"page__section-wrap\">\n<h2 class=\"h2\">RESTAURANTES<\/h2>\n<h6 class=\"h6\"><strong class=\"strong\">EN EL CAMPUS<\/strong><\/h6>\n<p class=\"p\"><strong class=\"strong\">Student Center East<\/strong> \/\/ 750 S. Halsted St.<br \/>\nStudent Center East tiene varias opciones para elegir.<br \/>\nVer aqu\u00ed <a target=\"_blank\" href=\"https:\/\/studentcenters.uic.edu\/eat\/sce\/\" class=\"link\" rel=\"noopener\">lista completa y horarios<\/a>.<\/p>\n<p class=\"p\"><strong class=\"strong\">Behavioral Sciences Buildin<\/strong> \/\/ 1st Floor, 1007 W. Harrison St.<br \/>\nAu Bon Pain Caf\u00e9<br \/>\nRegular Hours<br \/>\nLunes \u2013 Viernes \/\/ 8:00 am &#8211; 4:00pm<\/p>\n<h6 class=\"h6\"><strong class=\"strong\">RESTAURANTES CERCANOS<\/strong><\/h6>\n<table class=\"table width-100\">\n<tbody>\n<tr>\n<th colspan=\"3\">A cinco minutos del campus<\/th>\n<\/tr>\n<tr>\n<td><a target=\"_blank\" href=\"https:\/\/sites.google.com\/site\/tufanosrestaurant\/\" class=\"link\" rel=\"noopener\">Tufano\u2019s Vernon Park Tap<\/a><\/td>\n<td>Italiano, solamente aceptan met\u00e1lico<\/td>\n<td>1073 W. Vernon Park Pl<\/td>\n<\/tr>\n<tr>\n<td><a target=\"_blank\" href=\"https:\/\/www.tuscanychicago.com\/taylor\" class=\"link\" rel=\"noopener\">Tuscany on Taylor<\/a><\/td>\n<td>Italiano selecto<\/td>\n<td>1014 W Taylor St<\/td>\n<\/tr>\n<tr>\n<th colspan=\"3\">10 a 15 minutos caminando desde el campus<\/th>\n<\/tr>\n<tr>\n<td><a target=\"_blank\" href=\"https:\/\/www.busyburger.com\/\" class=\"link\" rel=\"noopener\">Busy Burger<\/a><\/td>\n<td>American Dinner, incluyendo opciones vegetarianas.<\/td>\n<td>1120 W Taylor St<\/td>\n<\/tr>\n<tr>\n<td><a target=\"_blank\" href=\"http:\/\/www.idreamoffalafel.com\/menu\/cyo\/\" class=\"link\" rel=\"noopener\">IDOF<\/a><\/td>\n<td>Cocina fresca mediterr\u00e1nea, incluyendo opciones vegetarianas.<\/td>\n<td>1129 W Taylor St<\/td>\n<\/tr>\n<tr>\n<td><a target=\"_blank\" href=\"https:\/\/www.volcanosushiil.com\/\" class=\"link\" rel=\"noopener\">Volcano Sushi 90<\/a><\/td>\n<td>Cocina japonesa<\/td>\n<td>1062 W Taylor St<\/td>\n<\/tr>\n<tr>\n<td><a target=\"_blank\" href=\"https:\/\/www.chezjoelbistro.com\/\" class=\"link\" rel=\"noopener\">Chez Joel<\/a><\/td>\n<td>Bistr\u00f3 franc\u00e9s exclusivo<\/td>\n<td>1119 W Taylor St<\/td>\n<\/tr>\n<tr>\n<td><a target=\"_blank\" href=\"http:\/\/thaibowltaylor.com\/\" class=\"link\" rel=\"noopener\">Thai Bowl<\/a><\/td>\n<td>Comida r\u00e1pida thailandesa<\/td>\n<td>1049 W Taylor St<\/td>\n<\/tr>\n<tr>\n<th colspan=\"3\">A 15 minutos caminando desde el campus<\/th>\n<\/tr>\n<tr>\n<td><a target=\"_blank\" href=\"https:\/\/www.athenachicago.com\/\" class=\"link\" rel=\"noopener\">Athena Restaurant<\/a><\/td>\n<td>Cocina griega<\/td>\n<td>212 S Halsted St<\/td>\n<\/tr>\n<tr>\n<td><a target=\"_blank\" href=\"https:\/\/www.melicafe.com\/\" class=\"link\" rel=\"noopener\">Meli Caf\u00e9<\/a><\/td>\n<td>Brunch y Lunch internacional\/no admite reservas<\/td>\n<td>301 S Halsted St<\/td>\n<\/tr>\n<tr>\n<td><a target=\"_blank\" href=\"https:\/\/www.toasttab.com\/local\/order\/artopolis\/r-6c9cf93e-3845-4ce9-a1e1-70be2d719171?diningOption=takeout&amp;rwg_token=AI9VzbsRE48Bi5alMI8S3RXyR-YGlZgq9duaP3152O6ZnesxhaXplnlvXwN_BMZchResRrR-3r_OY-KCCvRcHA7MQs812UYoQg%3D%3D\" class=\"link\" rel=\"noopener\">Artopolis Bakery and Caf\u00e9<\/a><\/td>\n<td>Cocina griega<\/td>\n<td>306 S Halsted St<\/td>\n<\/tr>\n<tr>\n<td><a target=\"_blank\" href=\"https:\/\/www.county-bbq.com\/\" class=\"link\" rel=\"noopener\">County Barbecue<\/a><\/td>\n<td>Barbacoa selecta<\/td>\n<td>1352 W Taylor St<\/td>\n<\/tr>\n<tr>\n<td><a target=\"_blank\" href=\"https:\/\/peanutpark.com\/\" class=\"link\" rel=\"noopener\">Peanut Park Trattoria<\/a><\/td>\n<td>Cocina italiana selecta<\/td>\n<td>1359 W Taylor St<\/td>\n<\/tr>\n<\/tbody>\n<\/table>\n<\/div>\n<\/div>\n<div class=\"page__section\">\n<div class=\"page__section-wrap\">\n<h2 class=\"h2\">BANQUETE DE LA CONFERENCIA<\/h2>\n<p class=\"p\">Los asistentes deben registrarse con antelaci\u00f3n para el banquete.<\/p>\n<table class=\"table width-100\">\n<tbody>\n<tr>\n<td><a target=\"_blank\" href=\"https:\/\/www.carnivalechicago.com\/\" class=\"link\" rel=\"noopener\">Carnivale<\/a><\/td>\n<td>Cocina latinoamericana selecta<\/td>\n<td>702 W Fulton Market<\/td>\n<\/tr>\n<\/tbody>\n<\/table>\n<\/div>\n<\/div>\n","protected":false},"excerpt":{"rendered":"<p>INFORMACI\u00d3N TRANSPORTE VIAJE A\u00c9REO Los viajeros tienen la opci\u00f3n de utilizar dos aeropuertos principales: el Aeropuerto Internacional O\u2019Hare (ORD), m\u00e1s grande, y el Aeropuerto Internacional Midway (MDW), m\u00e1s econ\u00f3mico. O\u2019Hare est\u00e1 ubicado en el lado noroeste de Chicago y ofrece vuelos directos a m\u00e1s de 200 destinos en todo el mundo. Midway es principalmente para [&hellip;]<\/p>\n","protected":false},"author":1,"featured_media":0,"parent":0,"menu_order":0,"comment_status":"closed","ping_status":"closed","template":"","meta":{"footnotes":""},"class_list":["post-32","page","type-page","status-publish","hentry"],"_links":{"self":[{"href":"https:\/\/srbhp.org\/nextconference\/es\/wp-json\/wp\/v2\/pages\/32","targetHints":{"allow":["GET"]}}],"collection":[{"href":"https:\/\/srbhp.org\/nextconference\/es\/wp-json\/wp\/v2\/pages"}],"about":[{"href":"https:\/\/srbhp.org\/nextconference\/es\/wp-json\/wp\/v2\/types\/page"}],"author":[{"embeddable":true,"href":"https:\/\/srbhp.org\/nextconference\/es\/wp-json\/wp\/v2\/users\/1"}],"replies":[{"embeddable":true,"href":"https:\/\/srbhp.org\/nextconference\/es\/wp-json\/wp\/v2\/comments?post=32"}],"version-history":[{"count":2,"href":"https:\/\/srbhp.org\/nextconference\/es\/wp-json\/wp\/v2\/pages\/32\/revisions"}],"predecessor-version":[{"id":34,"href":"https:\/\/srbhp.org\/nextconference\/es\/wp-json\/wp\/v2\/pages\/32\/revisions\/34"}],"wp:attachment":[{"href":"https:\/\/srbhp.org\/nextconference\/es\/wp-json\/wp\/v2\/media?parent=32"}],"curies":[{"name":"wp","href":"https:\/\/api.w.org\/{rel}","templated":true}]}}