{"id":29,"date":"2023-04-01T19:50:20","date_gmt":"2023-04-01T19:50:20","guid":{"rendered":"http:\/\/localhost\/wordpress\/?page_id=29"},"modified":"2023-05-23T11:05:58","modified_gmt":"2023-05-23T11:05:58","slug":"convocatoria","status":"publish","type":"page","link":"https:\/\/srbhp.org\/nextconference\/es\/convocatoria\/","title":{"rendered":"Convocatoria"},"content":{"rendered":"<div class=\"page__section\">\n<div class=\"page__section-wrap\">\n<h1 class=\"h1\">CONVOCATORIA<\/h1>\n<p class=\"p\"><strong class=\"strong\">Plenarias: Doctora Sarah Finley | Doctor David Lee Garrison<\/strong><\/p>\n<hr>\n<p class=\"p\">La Society for Renaissance and Baroque Hispanic Poetry (SRBHP) invita propuestas para presentaciones individuales, paneles completos y mesas redondas para su decimosexta conferencia bienal. Bajo la presidencia de Felipe Valencia (Utah State University) y organizada por Rosilie Hern\u00e1ndez (University of Illinois Chicago) y Anne J. Cruz (University of Miami), la conferencia se llevar\u00e1 a cabo del <strong class=\"strong\">27 al 29 de septiembre de 2023<\/strong> en el campus de la Universidad de Illinois Chicago.<\/p>\n<p class=\"p\">La fecha l\u00edmite para las presentaciones es el sabado <strong class=\"strong\">10 de junio de 2023<\/strong>. Las confirmaciones de aceptaci\u00f3n se enviar\u00e1n por correo electr\u00f3nico a principios de julio de 2023. La conferencia ser\u00e1 solo en persona. Todos los participantes deben unirse a la Sociedad como miembros; la membres\u00eda incluye una suscripci\u00f3n a su principal revista, <i class=\"italic\"> <a target=\"_blank\" class=\"link\" href=\"https:\/\/srbhp.org\/es\/caliope-2\/\" rel=\"noopener\">Cal\u00edope<\/a><\/i>.<\/p>\n<\/div>\n<\/div>\n<div class=\"page__section\">\n<div class=\"page__section-wrap\">\n<h2 class=\"h2\">Conference Theme<\/h2>\n<h5 class=\"h5 h5-crimson\"><i><br \/>\nLa funci\u00f3n po\u00e9tica, pasado y presente:<br \/>\nVersiones e inversiones de la poes\u00eda \u00e1urea hisp\u00e1nica<\/i><\/h5>\n<p class=\"p\">El tema central de la conferencia se centra en las funciones sociales y est\u00e9ticas de la poes\u00eda, desde las nuevas estructuras y formas creadas durante el per\u00edodo moderno temprano hasta su evoluci\u00f3n hasta los movimientos contempor\u00e1neos en Espa\u00f1a y Am\u00e9rica.<\/p>\n<p class=\"p\">Se sugieren los siguientes temas para ponencias, paneles y mesas redondas. Tambi\u00e9n se considerar\u00e1n otros temas sobre la poes\u00eda y la po\u00e9tica en Espa\u00f1a y Am\u00e9rica:<\/p>\n<ul class=\"list\">\n<li class=\"item item-crimson\"><strong class=\"strong\">Reinvenciones de la \u00e9pica<\/strong><\/li>\n<li class=\"item item-crimson\"><strong class=\"strong\">Las mitolog\u00edas modernas<\/strong><\/li>\n<li class=\"item item-crimson\"><strong class=\"strong\">Funci\u00f3n po\u00e9tica, poes\u00eda social<\/strong><\/li>\n<li class=\"item item-crimson\"><strong class=\"strong\">Materialidades e inmaterialidades<\/strong><\/li>\n<li class=\"item item-crimson\"><strong class=\"strong\">Emociones y sentidos renacentistas<\/strong><\/li>\n<li class=\"item item-crimson\"><strong class=\"strong\">Poes\u00eda popular y sus descontentos<\/strong><\/li>\n<li class=\"item item-crimson\"><strong class=\"strong\">Inversiones feministas de la poes\u00eda aurisecular<\/strong><\/li>\n<li class=\"item item-crimson\"><strong class=\"strong\">Imitaci\u00f3n \/ confesi\u00f3n<\/strong><\/li>\n<li class=\"item item-crimson\"><strong class=\"strong\">Poemas gr\u00e1ficos<\/strong><\/li>\n<li class=\"item item-crimson\"><strong class=\"strong\">Po\u00e9tica de la raza<\/strong><\/li>\n<li class=\"item item-crimson\"><strong class=\"strong\">Discursos de la Sexualidad<\/strong><\/li>\n<\/ul>\n<\/div>\n<\/div>\n<div class=\"page__section\">\n<div class=\"page__section-wrap\">\n<h2 class=\"h2\">ENV\u00cdO DE PROPUESTAS<\/h2>\n<p class=\"p\">Los miembros de SRBHP est\u00e1n invitados a enviar propuestas para presentaciones individuales, paneles o mesas redondas.<\/p>\n<p class=\"p\">Los idiomas de la conferencia son ingl\u00e9s y espa\u00f1ol.<\/p>\n<p class=\"p\">Los art\u00edculos no deben exceder los 20 minutos; Los paneles y mesas redondas con cuatro participantes deben limitar cada participante a 15 minutos m\u00e1ximo de presentaci\u00f3n.<\/p>\n<p class=\"p\">Los presentadores individuales y los organizadores de paneles y mesas redondas enviar\u00e1n propuestas a trav\u00e9s de los enlaces de formulario de Google que se proporcionan a continuaci\u00f3n para cada categor\u00eda.<\/p>\n<h6 class=\"h6 h6-lato\"><strong class=\"strong\">PRESENTACIONES INDIVIDUALES<\/strong><\/h6>\n<p class=\"p p-margin-top-none p-padding-left\">Nombre \/\/ CV abreviado (100 palabras) \/\/ T\u00edtulo \/\/ Resumen (m\u00e1ximo 250 palabras).<\/p>\n<h6 class=\"h6 h6-lato\"><strong class=\"strong\">PANELES<\/strong><\/h6>\n<p class=\"p p-margin-top-none p-padding-left\">T\u00edtulo del panel<br \/>\n<span class=\"underline\">Para cada ponente del panel (3-4 m\u00e1ximo):<\/span><br \/>\nNombres de los participantes \/\/ CV abreviado (100 palabras m\u00e1ximo por CV) \/\/ T\u00edtulo \/\/ Resumen (m\u00e1ximo 250 palabras).<\/p>\n<h6 class=\"h6 h6-lato\"><strong class=\"strong\">MESAS REDONDAS<\/strong><\/h6>\n<p class=\"p p-margin-top-none  p-padding-left\">T\u00edtulo \/\/ Resumen general de la mesa (150 palabras m\u00e1ximo)<br \/>\n<span class=\"underline\">Para cada ponente de la mesa (3-4 m\u00e1ximo):<\/span><br \/>\nNombres de los participantes \/\/ CV abreviado (100 palabras m\u00e1ximo por CV) \/\/ T\u00edtulo \/\/ Resumen (m\u00e1ximo 150 palabras).<\/p>\n<p class=\"p\"><a target=\"_blank\" class=\"link\" href=\"https:\/\/docs.google.com\/forms\/d\/e\/1FAIpQLScJutCCN8e2_TjrYOUHE9YjfiifUEU0qfaacVk_kKOLaQ7tNQ\/viewform\" rel=\"noopener\">ENLACE DE ENV\u00cdO<\/a><\/p>\n<\/div>\n<\/div>\n<div class=\"page__section\">\n<div class=\"page__section-wrap\">\n<h2 class=\"h2\">PROGRAMA DE LA CONFERENCIA<\/h2>\n<p class=\"p\">Se incluir\u00e1 en cuanto se hayan revisado las propuestas<\/p>\n<\/div>\n<\/div>\n<div class=\"page__section\">\n<div class=\"page__section-wrap\">\n<h2 class=\"h2\">PREMIOS<\/h2>\n<p class=\"p\">La Sociedad se complace en anunciar que otorgar\u00e1 varios premios a estudiantes de posgrado y profesores asistentes. La Sociedad tiene como objetivo alentar a los j\u00f3venes acad\u00e9micos en el campo de la poes\u00eda y la po\u00e9tica y ayudarlos a asistir a sus conferencias. Los materiales presentados para los premios deben ser originales e in\u00e9ditos.<\/p>\n<p class=\"p\">El Premio de los Fundadores al Mejor Trabajo de Estudiantes de Posgrado viene con un premio de $200.<\/p>\n<p class=\"p\">La Sociedad tambi\u00e9n ofrecer\u00e1 tres (3) premios de viaje de $500.00 cada uno a estudiantes graduados y profesores asistentes para ayudar a cubrir la inscripci\u00f3n a la conferencia y los gastos de hotel.<\/p>\n<h6 class=\"h6 h6-lato\"><strong class=\"strong\">FOUNDERS PRIZE \u2013 BEST GRADUATE STUDENT PAPER<\/strong><\/h6>\n<p class=\"p p-padding-left\">Los estudiantes de posgrado aceptados para presentaciones individuales (ver arriba) ser\u00e1n elegibles para competir por el \u201cFounders Prize\u201d. Deben enviar sus documentos completos a m\u00e1s tardar el martes <strong class=\"strong\">15 de agosto de 2023<\/strong> a la direcci\u00f3n de correo electr\u00f3nico de la conferencia: <a class=\"link\" href=\"mailto: srbhp2023.uichicago@gmail.com\">srbhp2023.uichicago@gmail.com<\/a>. El t\u00edtulo de su correo electr\u00f3nico debe decir: \u201cEntrada para el Founders Prize\u201d.<\/p>\n<p class=\"p p-padding-left\">El Comit\u00e9 del Premio anunciar\u00e1 al ganador en la conferencia.<\/p>\n<\/div>\n<\/div>\n<div class=\"page__section\">\n<div class=\"page__section-wrap\">\n<p class=\"p\">Las cuestiones sobre la conferencia deben dirigirse al siguiente email:<br \/>\n<a href=\"mailto:srbhp2023.uichicago@gmail.com\" class=\"link\">srbhp2023.uichicago@gmail.com<\/a><\/p>\n<\/div>\n<\/div>\n","protected":false},"excerpt":{"rendered":"<p>CONVOCATORIA Plenarias: Doctora Sarah Finley | Doctor David Lee Garrison La Society for Renaissance and Baroque Hispanic Poetry (SRBHP) invita propuestas para presentaciones individuales, paneles completos y mesas redondas para su decimosexta conferencia bienal. Bajo la presidencia de Felipe Valencia (Utah State University) y organizada por Rosilie Hern\u00e1ndez (University of Illinois Chicago) y Anne J. [&hellip;]<\/p>\n","protected":false},"author":1,"featured_media":0,"parent":0,"menu_order":0,"comment_status":"closed","ping_status":"closed","template":"","meta":{"footnotes":""},"class_list":["post-29","page","type-page","status-publish","hentry"],"_links":{"self":[{"href":"https:\/\/srbhp.org\/nextconference\/es\/wp-json\/wp\/v2\/pages\/29","targetHints":{"allow":["GET"]}}],"collection":[{"href":"https:\/\/srbhp.org\/nextconference\/es\/wp-json\/wp\/v2\/pages"}],"about":[{"href":"https:\/\/srbhp.org\/nextconference\/es\/wp-json\/wp\/v2\/types\/page"}],"author":[{"embeddable":true,"href":"https:\/\/srbhp.org\/nextconference\/es\/wp-json\/wp\/v2\/users\/1"}],"replies":[{"embeddable":true,"href":"https:\/\/srbhp.org\/nextconference\/es\/wp-json\/wp\/v2\/comments?post=29"}],"version-history":[{"count":3,"href":"https:\/\/srbhp.org\/nextconference\/es\/wp-json\/wp\/v2\/pages\/29\/revisions"}],"predecessor-version":[{"id":74,"href":"https:\/\/srbhp.org\/nextconference\/es\/wp-json\/wp\/v2\/pages\/29\/revisions\/74"}],"wp:attachment":[{"href":"https:\/\/srbhp.org\/nextconference\/es\/wp-json\/wp\/v2\/media?parent=29"}],"curies":[{"name":"wp","href":"https:\/\/api.w.org\/{rel}","templated":true}]}}