{"id":27,"date":"2023-04-01T19:49:54","date_gmt":"2023-04-01T19:49:54","guid":{"rendered":"http:\/\/localhost\/wordpress\/?page_id=27"},"modified":"2023-04-01T21:14:20","modified_gmt":"2023-04-01T21:14:20","slug":"bienal","status":"publish","type":"page","link":"https:\/\/srbhp.org\/nextconference\/es\/","title":{"rendered":"Bienal"},"content":{"rendered":"<div class=\"page__section\">\n<div class=\"page__section-wrap\">\n<figure>\n                        <img decoding=\"async\" src=\"..\/wp-content\/themes\/EmpireaV4\/img\/picture-section.png\"><figcaption>\n                            <i>El espejo de Venus.<\/i> Edward Burne-Jones (1877)<br \/>\n<\/figcaption><\/figure>\n<h1 class=\"h1\">BIENAL<\/h1>\n<p class=\"p\">Los socios de SRBHP est\u00e1n invitados a enviar propuestas para presentaciones individuales, paneles o mesas redondas. Los idiomas de la conferencia son ingl\u00e9s y espa\u00f1ol.<\/p>\n<\/div>\n<\/div>\n<div class=\"page__section\">\n<div class=\"page__section-wrap\">\n<h2 class=\"h2\">CONTACTO<\/h2>\n<p class=\"p\">Las preguntas sobre la conferencia deben dirigirse a la direcci\u00f3n de correo electr\u00f3nico de la conferencia:<\/p>\n<p class=\"p\"><a href=\"mailto:srbhp2023.uichicago@gmail.com\" class=\"link\">srbhp2023.uichicago@gmail.com<\/a><\/p>\n<\/div>\n<\/div>\n","protected":false},"excerpt":{"rendered":"<p>El espejo de Venus. Edward Burne-Jones (1877) BIENAL Los socios de SRBHP est\u00e1n invitados a enviar propuestas para presentaciones individuales, paneles o mesas redondas. Los idiomas de la conferencia son ingl\u00e9s y espa\u00f1ol. CONTACTO Las preguntas sobre la conferencia deben dirigirse a la direcci\u00f3n de correo electr\u00f3nico de la conferencia: srbhp2023.uichicago@gmail.com<\/p>\n","protected":false},"author":1,"featured_media":0,"parent":0,"menu_order":0,"comment_status":"closed","ping_status":"closed","template":"","meta":{"footnotes":""},"class_list":["post-27","page","type-page","status-publish","hentry"],"_links":{"self":[{"href":"https:\/\/srbhp.org\/nextconference\/es\/wp-json\/wp\/v2\/pages\/27","targetHints":{"allow":["GET"]}}],"collection":[{"href":"https:\/\/srbhp.org\/nextconference\/es\/wp-json\/wp\/v2\/pages"}],"about":[{"href":"https:\/\/srbhp.org\/nextconference\/es\/wp-json\/wp\/v2\/types\/page"}],"author":[{"embeddable":true,"href":"https:\/\/srbhp.org\/nextconference\/es\/wp-json\/wp\/v2\/users\/1"}],"replies":[{"embeddable":true,"href":"https:\/\/srbhp.org\/nextconference\/es\/wp-json\/wp\/v2\/comments?post=27"}],"version-history":[{"count":3,"href":"https:\/\/srbhp.org\/nextconference\/es\/wp-json\/wp\/v2\/pages\/27\/revisions"}],"predecessor-version":[{"id":51,"href":"https:\/\/srbhp.org\/nextconference\/es\/wp-json\/wp\/v2\/pages\/27\/revisions\/51"}],"wp:attachment":[{"href":"https:\/\/srbhp.org\/nextconference\/es\/wp-json\/wp\/v2\/media?parent=27"}],"curies":[{"name":"wp","href":"https:\/\/api.w.org\/{rel}","templated":true}]}}