{"id":19,"date":"2023-04-01T19:49:28","date_gmt":"2023-04-01T19:49:28","guid":{"rendered":"http:\/\/localhost\/wordpress\/?page_id=19"},"modified":"2023-04-01T20:14:41","modified_gmt":"2023-04-01T20:14:41","slug":"agrade","status":"publish","type":"page","link":"https:\/\/srbhp.org\/nextconference\/es\/agrade\/","title":{"rendered":"Agradecimientos"},"content":{"rendered":"<div class=\"page__section\">\n<div class=\"page__section-wrap\">\n<h1 class=\"h1\">AGRADECIMIENTOS<\/h1>\n<h2 class=\"h2\">COMIT\u00c9 ORGANIZADOR<\/h2>\n<p class=\"p\"><a class=\"link\" href=\"https:\/\/miami.academia.edu\/AnneJCruz\" target=\"_blank\" rel=\"noopener\"><strong class=\"strong\">Anne J. Cruz<\/strong><\/a><br \/>\nCatedr\u00e1tica de Espa\u00f1ol y Cooper Fellow in the Humanities<br \/>\nUniversity of Miami<\/p>\n<p class=\"p\"><a class=\"link\" href=\"https:\/\/rosiliehernandez.academia.edu\/\" target=\"_blank\" rel=\"noopener\"><strong class=\"strong\">Rosilie Hern\u00e1ndez<\/strong><\/a><br \/>\nLAS Associate Dean for Student Academic Affairs<br \/>\nCatedr\u00e1tica de Estudios Hisp\u00e1nicos e Italianos<br \/>\nUniversity of Illinois Chicago<\/p>\n<\/div>\n<\/div>\n<div class=\"page__section\">\n<div class=\"page__section-wrap\">\n<h2 class=\"h2\">PATROCINADORES<\/h2>\n<p class=\"p\">El comit\u00e9 organizador quiere expresar su sincero agradecimiento a las entidades patrocinadoras:<\/p>\n<ul class=\"list\">\n<li class=\"item item-crimson\"><a class=\"link\" href=\"https:\/\/las.uic.edu\/\" target=\"_blank\" rel=\"noopener\">College of Liberal Arts and Sciences, University of Illinois Chicago<\/a><\/li>\n<li class=\"item item-crimson\"><a class=\"link\" href=\"https:\/\/lcsl.uic.edu\/\" target=\"_blank\" rel=\"noopener\">School of Literatures, Cultural Studies, and Linguistics<\/a><\/li>\n<li class=\"item item-crimson\"><a class=\"link\" href=\"https:\/\/hip.uic.edu\/\" target=\"_blank\" rel=\"noopener\">Department of Hispanic and Italian Studies<\/a><\/li>\n<li class=\"item item-crimson\"><a class=\"link\" href=\"https:\/\/huminst.uic.edu\/\" target=\"_blank\" rel=\"noopener\">UIC Institute for the Humanities<\/a><\/li>\n<li class=\"item item-crimson\"><a class=\"link\" href=\"https:\/\/chicago.cervantes.es\/\" target=\"_blank\" rel=\"noopener\">Instituto Cervantes of Chicago<\/a><\/li>\n<\/ul>\n<\/div>\n<\/div>\n","protected":false},"excerpt":{"rendered":"<p>AGRADECIMIENTOS COMIT\u00c9 ORGANIZADOR Anne J. Cruz Catedr\u00e1tica de Espa\u00f1ol y Cooper Fellow in the Humanities University of Miami Rosilie Hern\u00e1ndez LAS Associate Dean for Student Academic Affairs Catedr\u00e1tica de Estudios Hisp\u00e1nicos e Italianos University of Illinois Chicago PATROCINADORES El comit\u00e9 organizador quiere expresar su sincero agradecimiento a las entidades patrocinadoras: College of Liberal Arts and [&hellip;]<\/p>\n","protected":false},"author":1,"featured_media":0,"parent":0,"menu_order":0,"comment_status":"closed","ping_status":"closed","template":"","meta":{"footnotes":""},"class_list":["post-19","page","type-page","status-publish","hentry"],"_links":{"self":[{"href":"https:\/\/srbhp.org\/nextconference\/es\/wp-json\/wp\/v2\/pages\/19","targetHints":{"allow":["GET"]}}],"collection":[{"href":"https:\/\/srbhp.org\/nextconference\/es\/wp-json\/wp\/v2\/pages"}],"about":[{"href":"https:\/\/srbhp.org\/nextconference\/es\/wp-json\/wp\/v2\/types\/page"}],"author":[{"embeddable":true,"href":"https:\/\/srbhp.org\/nextconference\/es\/wp-json\/wp\/v2\/users\/1"}],"replies":[{"embeddable":true,"href":"https:\/\/srbhp.org\/nextconference\/es\/wp-json\/wp\/v2\/comments?post=19"}],"version-history":[{"count":4,"href":"https:\/\/srbhp.org\/nextconference\/es\/wp-json\/wp\/v2\/pages\/19\/revisions"}],"predecessor-version":[{"id":26,"href":"https:\/\/srbhp.org\/nextconference\/es\/wp-json\/wp\/v2\/pages\/19\/revisions\/26"}],"wp:attachment":[{"href":"https:\/\/srbhp.org\/nextconference\/es\/wp-json\/wp\/v2\/media?parent=19"}],"curies":[{"name":"wp","href":"https:\/\/api.w.org\/{rel}","templated":true}]}}